{"id":2,"date":"2021-03-14T14:48:52","date_gmt":"2021-03-14T14:48:52","guid":{"rendered":"https:\/\/kaleowelding.pl\/?page_id=2"},"modified":"2025-09-08T18:55:20","modified_gmt":"2025-09-08T18:55:20","slug":"sample-page","status":"publish","type":"page","link":"https:\/\/kaleowelding.pl\/","title":{"rendered":"Strona g\u0142\u00f3wna"},"content":{"rendered":"\t\t<div data-elementor-type=\"wp-page\" data-elementor-id=\"2\" class=\"elementor elementor-2\">\n\t\t\t\t\t\t\t\t\t<section class=\"elementor-section elementor-top-section elementor-element elementor-element-420e57a elementor-section-boxed elementor-section-height-default elementor-section-height-default\" data-id=\"420e57a\" data-element_type=\"section\">\n\t\t\t\t\t\t<div class=\"elementor-container elementor-column-gap-default\">\n\t\t\t\t\t<div class=\"elementor-column elementor-col-100 elementor-top-column elementor-element elementor-element-5ce3323\" data-id=\"5ce3323\" data-element_type=\"column\">\n\t\t\t<div class=\"elementor-widget-wrap elementor-element-populated\">\n\t\t\t\t\t\t\t\t<section class=\"elementor-section elementor-inner-section elementor-element elementor-element-d14bb39 elementor-section-boxed elementor-section-height-default elementor-section-height-default\" data-id=\"d14bb39\" data-element_type=\"section\">\n\t\t\t\t\t\t<div class=\"elementor-container elementor-column-gap-default\">\n\t\t\t\t\t<div class=\"elementor-column elementor-col-50 elementor-inner-column elementor-element elementor-element-3e40076\" data-id=\"3e40076\" data-element_type=\"column\">\n\t\t\t<div class=\"elementor-widget-wrap elementor-element-populated\">\n\t\t\t\t\t\t\t\t<div class=\"elementor-element elementor-element-d2c63e6 elementor-widget elementor-widget-image\" data-id=\"d2c63e6\" data-element_type=\"widget\" data-widget_type=\"image.default\">\n\t\t\t\t<div class=\"elementor-widget-container\">\n\t\t\t\t\t\t\t\t\t\t\t\t\t\t\t<img loading=\"lazy\" decoding=\"async\" width=\"640\" height=\"853\" src=\"https:\/\/kaleowelding.pl\/wp-content\/uploads\/2021\/03\/IMG_20210306_150257-2-1-768x1024.jpg\" class=\"attachment-large size-large wp-image-77\" alt=\"\" srcset=\"https:\/\/kaleowelding.pl\/wp-content\/uploads\/2021\/03\/IMG_20210306_150257-2-1-768x1024.jpg 768w, https:\/\/kaleowelding.pl\/wp-content\/uploads\/2021\/03\/IMG_20210306_150257-2-1-225x300.jpg 225w, https:\/\/kaleowelding.pl\/wp-content\/uploads\/2021\/03\/IMG_20210306_150257-2-1-1152x1536.jpg 1152w, https:\/\/kaleowelding.pl\/wp-content\/uploads\/2021\/03\/IMG_20210306_150257-2-1-1536x2048.jpg 1536w, https:\/\/kaleowelding.pl\/wp-content\/uploads\/2021\/03\/IMG_20210306_150257-2-1-262x350.jpg 262w, https:\/\/kaleowelding.pl\/wp-content\/uploads\/2021\/03\/IMG_20210306_150257-2-1-scaled.jpg 1920w\" sizes=\"auto, (max-width: 640px) 100vw, 640px\" \/>\t\t\t\t\t\t\t\t\t\t\t\t\t\t\t<\/div>\n\t\t\t\t<\/div>\n\t\t\t\t\t<\/div>\n\t\t<\/div>\n\t\t\t\t<div class=\"elementor-column elementor-col-50 elementor-inner-column elementor-element elementor-element-dab2c66\" data-id=\"dab2c66\" data-element_type=\"column\">\n\t\t\t<div class=\"elementor-widget-wrap elementor-element-populated\">\n\t\t\t\t\t\t\t\t<div class=\"elementor-element elementor-element-790ce12 elementor-widget elementor-widget-image\" data-id=\"790ce12\" data-element_type=\"widget\" data-widget_type=\"image.default\">\n\t\t\t\t<div class=\"elementor-widget-container\">\n\t\t\t\t\t\t\t\t\t\t\t\t\t\t\t<img loading=\"lazy\" decoding=\"async\" width=\"640\" height=\"853\" src=\"https:\/\/kaleowelding.pl\/wp-content\/uploads\/2021\/03\/received_3781750655225037-768x1024.jpeg\" class=\"attachment-large size-large wp-image-86\" alt=\"\" srcset=\"https:\/\/kaleowelding.pl\/wp-content\/uploads\/2021\/03\/received_3781750655225037-768x1024.jpeg 768w, https:\/\/kaleowelding.pl\/wp-content\/uploads\/2021\/03\/received_3781750655225037-225x300.jpeg 225w, https:\/\/kaleowelding.pl\/wp-content\/uploads\/2021\/03\/received_3781750655225037-1152x1536.jpeg 1152w, https:\/\/kaleowelding.pl\/wp-content\/uploads\/2021\/03\/received_3781750655225037-263x350.jpeg 263w, https:\/\/kaleowelding.pl\/wp-content\/uploads\/2021\/03\/received_3781750655225037.jpeg 1536w\" sizes=\"auto, (max-width: 640px) 100vw, 640px\" \/>\t\t\t\t\t\t\t\t\t\t\t\t\t\t\t<\/div>\n\t\t\t\t<\/div>\n\t\t\t\t\t<\/div>\n\t\t<\/div>\n\t\t\t\t\t\t\t<\/div>\n\t\t<\/section>\n\t\t\t\t\t<\/div>\n\t\t<\/div>\n\t\t\t\t\t\t\t<\/div>\n\t\t<\/section>\n\t\t\t\t<section class=\"elementor-section elementor-top-section elementor-element elementor-element-3502573 elementor-section-boxed elementor-section-height-default elementor-section-height-default\" data-id=\"3502573\" data-element_type=\"section\">\n\t\t\t\t\t\t<div class=\"elementor-container elementor-column-gap-default\">\n\t\t\t\t\t<div class=\"elementor-column elementor-col-100 elementor-top-column elementor-element elementor-element-9e5b90e\" data-id=\"9e5b90e\" data-element_type=\"column\">\n\t\t\t<div class=\"elementor-widget-wrap elementor-element-populated\">\n\t\t\t\t\t\t\t\t<div class=\"elementor-element elementor-element-1afa2b6 elementor-widget elementor-widget-text-editor\" data-id=\"1afa2b6\" data-element_type=\"widget\" data-widget_type=\"text-editor.default\">\n\t\t\t\t<div class=\"elementor-widget-container\">\n\t\t\t\t\t\t\t<p><strong>Kaleo Welding<\/strong> to najwy\u017cszej jako\u015bci us\u0142ugi, bezpieczne i komfortowe meble oraz inne elementy wystroju wn\u0119trz, jak r\u00f3wnie\u017c wszelkiego rodzaju ogrodzenia i balustrady.<\/p>\t\t\t\t\t\t<\/div>\n\t\t\t\t<\/div>\n\t\t\t\t<div class=\"elementor-element elementor-element-f7d759d elementor-align-center elementor-widget elementor-widget-button\" data-id=\"f7d759d\" data-element_type=\"widget\" data-widget_type=\"button.default\">\n\t\t\t\t<div class=\"elementor-widget-container\">\n\t\t\t\t\t<div class=\"elementor-button-wrapper\">\n\t\t\t<a href=\"https:\/\/kaleowelding.pl\/?page_id=25\" class=\"elementor-button-link elementor-button elementor-size-sm\" role=\"button\">\n\t\t\t\t\t\t<span class=\"elementor-button-content-wrapper\">\n\t\t\t\t\t\t<span class=\"elementor-button-text\">MEBLE<\/span>\n\t\t<\/span>\n\t\t\t\t\t<\/a>\n\t\t<\/div>\n\t\t\t\t<\/div>\n\t\t\t\t<\/div>\n\t\t\t\t<div class=\"elementor-element elementor-element-05902d3 elementor-align-center elementor-widget elementor-widget-button\" data-id=\"05902d3\" data-element_type=\"widget\" data-widget_type=\"button.default\">\n\t\t\t\t<div class=\"elementor-widget-container\">\n\t\t\t\t\t<div class=\"elementor-button-wrapper\">\n\t\t\t<a href=\"https:\/\/kaleowelding.pl\/?page_id=26\" class=\"elementor-button-link elementor-button elementor-size-sm\" role=\"button\">\n\t\t\t\t\t\t<span class=\"elementor-button-content-wrapper\">\n\t\t\t\t\t\t<span class=\"elementor-button-text\">OGRODZENIA\/BALUSTRADY<\/span>\n\t\t<\/span>\n\t\t\t\t\t<\/a>\n\t\t<\/div>\n\t\t\t\t<\/div>\n\t\t\t\t<\/div>\n\t\t\t\t\t<\/div>\n\t\t<\/div>\n\t\t\t\t\t\t\t<\/div>\n\t\t<\/section>\n\t\t\t\t<section class=\"elementor-section elementor-top-section elementor-element elementor-element-2e617cf elementor-section-boxed elementor-section-height-default elementor-section-height-default\" data-id=\"2e617cf\" data-element_type=\"section\">\n\t\t\t\t\t\t<div class=\"elementor-container elementor-column-gap-default\">\n\t\t\t\t\t<div class=\"elementor-column elementor-col-100 elementor-top-column elementor-element elementor-element-3256711\" data-id=\"3256711\" data-element_type=\"column\">\n\t\t\t<div class=\"elementor-widget-wrap elementor-element-populated\">\n\t\t\t\t\t\t\t\t<div class=\"elementor-element elementor-element-0989ceb elementor-widget elementor-widget-text-editor\" data-id=\"0989ceb\" data-element_type=\"widget\" data-widget_type=\"text-editor.default\">\n\t\t\t\t<div class=\"elementor-widget-container\">\n\t\t\t\t\t\t\t<p>\u00a0<\/p><p>Drogi kliencie ch\u0119tnie podejm\u0119 si\u0119 Twojego zam\u00f3wienia. Podczas pracy bazuj\u0119 na gotowych projektach jak i lu\u017anych inspiracjach, z kt\u00f3rych utworz\u0119 finalny produkt spersonalizowany pod Ciebie.<\/p><p>\u00a0<\/p><p>\u00a0 \u00a0 \u00a0 \u00a0 \u00a0 \u00a0 \u00a0 \u00a0 \u00a0 \u00a0 \u00a0 \u00a0 \u00a0 \u00a0 \u00a0 \u00a0 \u00a0 \u00a0 \u00a0 \u00a0 \u00a0 \u00a0 \u00a0 \u00a0 \u00a0 \u00a0 \u00a0 \u00a0 \u00a0 \u00a0 \u00a0 \u00a0 \u00a0 \u00a0 \u00a0 \u00a0 \u00a0 \u00a0 \u00a0 \u00a0 \u00a0 \u00a0<b><i>PROCES WSP\u00d3\u0141PRACY<\/i><\/b><\/p><ul><li>KONSULTACJA \/ OM\u00d3WIENIE PROJEKTU<\/li><li>OPRACOWANIE KONCEPCJI<\/li><li>PRZYGOTOWANIE PROJEKTU<\/li><li>REALIZACJA<\/li><\/ul>\t\t\t\t\t\t<\/div>\n\t\t\t\t<\/div>\n\t\t\t\t\t<\/div>\n\t\t<\/div>\n\t\t\t\t\t\t\t<\/div>\n\t\t<\/section>\n\t\t\t\t<section class=\"elementor-section elementor-top-section elementor-element elementor-element-2d5c799 elementor-section-boxed elementor-section-height-default elementor-section-height-default\" data-id=\"2d5c799\" data-element_type=\"section\">\n\t\t\t\t\t\t<div class=\"elementor-container elementor-column-gap-default\">\n\t\t\t\t\t<div class=\"elementor-column elementor-col-100 elementor-top-column elementor-element elementor-element-d76708f\" data-id=\"d76708f\" data-element_type=\"column\">\n\t\t\t<div class=\"elementor-widget-wrap elementor-element-populated\">\n\t\t\t\t\t\t\t\t<div class=\"elementor-element elementor-element-922b185 elementor-widget elementor-widget-text-editor\" data-id=\"922b185\" data-element_type=\"widget\" data-widget_type=\"text-editor.default\">\n\t\t\t\t<div class=\"elementor-widget-container\">\n\t\t\t\t\t\t\t<p>Jestem r\u00f3wnie\u017c autoryzowanym instalatorem automatyki do bram firmy &#8222;Beninca&#8221; i oferuj\u0119 monta\u017c oraz serwis automat\u00f3w.<\/p>\t\t\t\t\t\t<\/div>\n\t\t\t\t<\/div>\n\t\t\t\t\t<\/div>\n\t\t<\/div>\n\t\t\t\t\t\t\t<\/div>\n\t\t<\/section>\n\t\t\t\t<section class=\"elementor-section elementor-top-section elementor-element elementor-element-33b98d8 elementor-section-boxed elementor-section-height-default elementor-section-height-default\" data-id=\"33b98d8\" data-element_type=\"section\">\n\t\t\t\t\t\t<div class=\"elementor-container elementor-column-gap-default\">\n\t\t\t\t\t<div class=\"elementor-column elementor-col-100 elementor-top-column elementor-element elementor-element-8b059c5\" data-id=\"8b059c5\" data-element_type=\"column\">\n\t\t\t<div class=\"elementor-widget-wrap elementor-element-populated\">\n\t\t\t\t\t\t\t\t<div class=\"elementor-element elementor-element-ead722b elementor-widget elementor-widget-image\" data-id=\"ead722b\" data-element_type=\"widget\" data-widget_type=\"image.default\">\n\t\t\t\t<div class=\"elementor-widget-container\">\n\t\t\t\t\t\t\t\t\t\t\t\t\t\t\t<img loading=\"lazy\" decoding=\"async\" width=\"640\" height=\"480\" src=\"https:\/\/kaleowelding.pl\/wp-content\/uploads\/2024\/05\/20231123_164816-768x576.jpg\" class=\"attachment-medium_large size-medium_large wp-image-305\" alt=\"\" srcset=\"https:\/\/kaleowelding.pl\/wp-content\/uploads\/2024\/05\/20231123_164816-768x576.jpg 768w, https:\/\/kaleowelding.pl\/wp-content\/uploads\/2024\/05\/20231123_164816-300x225.jpg 300w, https:\/\/kaleowelding.pl\/wp-content\/uploads\/2024\/05\/20231123_164816-1024x768.jpg 1024w, https:\/\/kaleowelding.pl\/wp-content\/uploads\/2024\/05\/20231123_164816-1536x1152.jpg 1536w, https:\/\/kaleowelding.pl\/wp-content\/uploads\/2024\/05\/20231123_164816-2048x1536.jpg 2048w\" sizes=\"auto, (max-width: 640px) 100vw, 640px\" \/>\t\t\t\t\t\t\t\t\t\t\t\t\t\t\t<\/div>\n\t\t\t\t<\/div>\n\t\t\t\t\t<\/div>\n\t\t<\/div>\n\t\t\t\t\t\t\t<\/div>\n\t\t<\/section>\n\t\t\t\t<section class=\"elementor-section elementor-top-section elementor-element elementor-element-f1d73a3 elementor-section-boxed elementor-section-height-default elementor-section-height-default\" data-id=\"f1d73a3\" data-element_type=\"section\">\n\t\t\t\t\t\t<div class=\"elementor-container elementor-column-gap-default\">\n\t\t\t\t\t<div class=\"elementor-column elementor-col-100 elementor-top-column elementor-element elementor-element-afbda3f\" data-id=\"afbda3f\" data-element_type=\"column\">\n\t\t\t<div class=\"elementor-widget-wrap elementor-element-populated\">\n\t\t\t\t\t\t\t\t<div class=\"elementor-element elementor-element-6e7da1b elementor-widget elementor-widget-image\" data-id=\"6e7da1b\" data-element_type=\"widget\" data-widget_type=\"image.default\">\n\t\t\t\t<div class=\"elementor-widget-container\">\n\t\t\t\t\t\t\t\t\t\t\t\t\t\t\t<img loading=\"lazy\" decoding=\"async\" width=\"640\" height=\"853\" src=\"https:\/\/kaleowelding.pl\/wp-content\/uploads\/2025\/09\/IMG-20250908-WA0002-768x1024.jpg\" class=\"attachment-medium_large size-medium_large wp-image-313\" alt=\"\" srcset=\"https:\/\/kaleowelding.pl\/wp-content\/uploads\/2025\/09\/IMG-20250908-WA0002-768x1024.jpg 768w, https:\/\/kaleowelding.pl\/wp-content\/uploads\/2025\/09\/IMG-20250908-WA0002-225x300.jpg 225w, https:\/\/kaleowelding.pl\/wp-content\/uploads\/2025\/09\/IMG-20250908-WA0002-1152x1536.jpg 1152w, https:\/\/kaleowelding.pl\/wp-content\/uploads\/2025\/09\/IMG-20250908-WA0002.jpg 1530w\" sizes=\"auto, (max-width: 640px) 100vw, 640px\" \/>\t\t\t\t\t\t\t\t\t\t\t\t\t\t\t<\/div>\n\t\t\t\t<\/div>\n\t\t\t\t\t<\/div>\n\t\t<\/div>\n\t\t\t\t\t\t\t<\/div>\n\t\t<\/section>\n\t\t\t\t\t\t\t<\/div>\n\t\t","protected":false},"excerpt":{"rendered":"<p>Kaleo Welding to najwy\u017cszej jako\u015bci us\u0142ugi, bezpieczne i komfortowe meble oraz inne elementy wystroju wn\u0119trz, jak r\u00f3wnie\u017c wszelkiego rodzaju ogrodzenia i balustrady. MEBLE OGRODZENIA\/BALUSTRADY \u00a0 Drogi kliencie ch\u0119tnie podejm\u0119 si\u0119&#8230;<\/p>\n","protected":false},"author":1,"featured_media":0,"parent":0,"menu_order":0,"comment_status":"closed","ping_status":"open","template":"","meta":{"_mi_skip_tracking":false,"footnotes":""},"class_list":["post-2","page","type-page","status-publish","hentry"],"_links":{"self":[{"href":"https:\/\/kaleowelding.pl\/index.php?rest_route=\/wp\/v2\/pages\/2","targetHints":{"allow":["GET"]}}],"collection":[{"href":"https:\/\/kaleowelding.pl\/index.php?rest_route=\/wp\/v2\/pages"}],"about":[{"href":"https:\/\/kaleowelding.pl\/index.php?rest_route=\/wp\/v2\/types\/page"}],"author":[{"embeddable":true,"href":"https:\/\/kaleowelding.pl\/index.php?rest_route=\/wp\/v2\/users\/1"}],"replies":[{"embeddable":true,"href":"https:\/\/kaleowelding.pl\/index.php?rest_route=%2Fwp%2Fv2%2Fcomments&post=2"}],"version-history":[{"count":37,"href":"https:\/\/kaleowelding.pl\/index.php?rest_route=\/wp\/v2\/pages\/2\/revisions"}],"predecessor-version":[{"id":377,"href":"https:\/\/kaleowelding.pl\/index.php?rest_route=\/wp\/v2\/pages\/2\/revisions\/377"}],"wp:attachment":[{"href":"https:\/\/kaleowelding.pl\/index.php?rest_route=%2Fwp%2Fv2%2Fmedia&parent=2"}],"curies":[{"name":"wp","href":"https:\/\/api.w.org\/{rel}","templated":true}]}}